{"id":268,"date":"2024-11-18T18:26:46","date_gmt":"2024-11-18T17:26:46","guid":{"rendered":"https:\/\/chalet-buljes.ch\/impronta\/"},"modified":"2024-11-20T13:35:36","modified_gmt":"2024-11-20T12:35:36","slug":"impronta","status":"publish","type":"page","link":"https:\/\/chalet-buljes.ch\/it\/impronta\/","title":{"rendered":"Impronta"},"content":{"rendered":"<p>[et_pb_section fb_built=&#8221;1&#8243; _builder_version=&#8221;4.27.3&#8243; _module_preset=&#8221;default&#8221; global_colors_info=&#8221;{}&#8221;][et_pb_row _builder_version=&#8221;4.27.3&#8243; _module_preset=&#8221;default&#8221; global_colors_info=&#8221;{}&#8221;][et_pb_column type=&#8221;4_4&#8243; _builder_version=&#8221;4.27.3&#8243; _module_preset=&#8221;default&#8221; global_colors_info=&#8221;{}&#8221;][et_pb_heading title=&#8221;@ET-DC@eyJkeW5hbWljIjp0cnVlLCJjb250ZW50IjoicG9zdF90aXRsZSIsInNldHRpbmdzIjp7ImJlZm9yZSI6IiIsImFmdGVyIjoiIn19@&#8221; _builder_version=&#8221;4.27.3&#8243; _module_preset=&#8221;default&#8221; title_font=&#8221;Montserrat|700||on|||||&#8221; title_text_align=&#8221;center&#8221; title_text_color=&#8221;#0080C8&#8243; custom_margin=&#8221;50px||||false|false&#8221; hover_enabled=&#8221;0&#8243; locked=&#8221;off&#8221; global_colors_info=&#8221;{}&#8221; sticky_enabled=&#8221;0&#8243; _dynamic_attributes=&#8221;title&#8221;][\/et_pb_heading][et_pb_text _builder_version=&#8221;4.27.3&#8243; _module_preset=&#8221;default&#8221; text_font=&#8221;Montserrat|300|||||||&#8221; text_font_size=&#8221;18px&#8221; text_line_height=&#8221;1.8em&#8221; text_orientation=&#8221;center&#8221; hover_enabled=&#8221;0&#8243; global_colors_info=&#8221;{}&#8221; locked=&#8221;off&#8221; sticky_enabled=&#8221;0&#8243;]<\/p>\n<div class=\"content-generator-output\"><b>Autorit\u00e0 responsabile:<\/b><br \/>Rochada GmbH<br \/>Thermenstrasse 68<br \/>3954 Leukerbad<br \/>Svizzera<br \/><strong>E-Mail<\/strong>: info@chalet-buljes.ch<\/p>\n<p><strong>Persone autorizzate a rappresentare la societ\u00e0<\/strong><br \/>David Roten<\/p>\n<p><strong>Nome della societ\u00e0<\/strong>: Rochada GmbH<br \/><strong>Numero di registrazione<\/strong>: CHE-109.605.954<br \/><strong>Numero di identificazione dell&#8217;imposta sulle vendite<\/strong>: CHE-109.605.954 MWST<\/p>\n<p><strong>Dichiarazione di non responsabilit\u00e0<\/strong><br \/>L&#8217;autore non si assume alcuna responsabilit\u00e0 per la correttezza, l&#8217;accuratezza, la tempestivit\u00e0, l&#8217;affidabilit\u00e0 e la completezza delle informazioni. Sono escluse richieste di responsabilit\u00e0 nei confronti dell&#8217;autore per danni materiali o immateriali derivanti dall&#8217;accesso, dall&#8217;uso o dal mancato uso delle informazioni pubblicate, dall&#8217;uso improprio della connessione o da guasti tecnici.<\/p>\n<p>Tutte le offerte sono soggette a modifiche. L&#8217;autore si riserva espressamente il diritto di modificare, integrare o cancellare parti delle pagine o l&#8217;intera offerta senza preavviso o di interrompere temporaneamente o definitivamente la pubblicazione.<\/p>\n<p><strong>Esclusione di responsabilit\u00e0 per contenuti e link<\/strong><br \/>I riferimenti e i link a siti web di terzi non rientrano nella nostra sfera di responsabilit\u00e0. Si declina ogni responsabilit\u00e0 per tali siti web. L&#8217;accesso e l&#8217;utilizzo di tali siti web \u00e8 a rischio dell&#8217;utente.<\/p>\n<p><strong>Dichiarazione di copyright<\/strong><br \/>I diritti d&#8217;autore e tutti gli altri diritti su contenuti, immagini, foto o altri file presenti in questo sito web appartengono esclusivamente a Rochada GmbH o ai titolari dei diritti specificamente indicati. Per la riproduzione di qualsiasi elemento \u00e8 necessario ottenere preventivamente il consenso scritto del titolare del copyright.<\/p>\n<p><strong>Fonte di riferimento<\/strong>: <a style=\"color:inherit;text-decoration:none;\" href=\"https:\/\/brainbox.swiss\/\" target=\"_blank\" rel=\"noopener\">BrainBox Solutions<\/a><\/div>\n<p>[\/et_pb_text][\/et_pb_column][\/et_pb_row][\/et_pb_section]<\/p>\n","protected":false},"excerpt":{"rendered":"<p>Autorit\u00e0 responsabile:Rochada GmbHThermenstrasse 683954 LeukerbadSvizzeraE-Mail: info@chalet-buljes.chPersone autorizzate a rappresentare la societ\u00e0David RotenNome della societ\u00e0: Rochada GmbHNumero di registrazione: CHE-109.605.954Numero di identificazione dell&#8217;imposta sulle vendite: CHE-109.605.954 MWSTDichiarazione di non responsabilit\u00e0L&#8217;autore non si assume alcuna responsabilit\u00e0 per la correttezza, l&#8217;accuratezza, la tempestivit\u00e0, l&#8217;affidabilit\u00e0 e la completezza delle informazioni. Sono escluse richieste di responsabilit\u00e0 nei confronti dell&#8217;autore per danni materiali o immateriali derivanti dall&#8217;accesso, dall&#8217;uso o dal mancato uso delle informazioni pubblicate, dall&#8217;uso improprio della connessione o da guasti tecnici.Tutte le offerte sono soggette a modifiche. L&#8217;autore si riserva espressamente il diritto di modificare, integrare o cancellare parti delle pagine o l&#8217;intera offerta senza preavviso o di interrompere temporaneamente o definitivamente la pubblicazione.Esclusione di responsabilit\u00e0 per contenuti e linkI riferimenti e i link a siti web di terzi non rientrano nella nostra sfera di responsabilit\u00e0. Si declina ogni responsabilit\u00e0 per tali siti web. L&#8217;accesso e l&#8217;utilizzo di tali siti web \u00e8 a rischio dell&#8217;utente.Dichiarazione di copyrightI diritti d&#8217;autore e tutti gli altri diritti su contenuti, immagini, foto o altri file presenti in questo sito web appartengono esclusivamente a Rochada GmbH o ai titolari dei diritti specificamente indicati. Per la riproduzione di qualsiasi elemento \u00e8 necessario ottenere preventivamente il consenso scritto del titolare del [&hellip;]<\/p>\n","protected":false},"author":1,"featured_media":0,"parent":0,"menu_order":101,"comment_status":"closed","ping_status":"closed","template":"","meta":{"_et_pb_use_builder":"on","_et_pb_old_content":"","_et_gb_content_width":"","footnotes":""},"class_list":["post-268","page","type-page","status-publish","hentry"],"_links":{"self":[{"href":"https:\/\/chalet-buljes.ch\/it\/wp-json\/wp\/v2\/pages\/268","targetHints":{"allow":["GET"]}}],"collection":[{"href":"https:\/\/chalet-buljes.ch\/it\/wp-json\/wp\/v2\/pages"}],"about":[{"href":"https:\/\/chalet-buljes.ch\/it\/wp-json\/wp\/v2\/types\/page"}],"author":[{"embeddable":true,"href":"https:\/\/chalet-buljes.ch\/it\/wp-json\/wp\/v2\/users\/1"}],"replies":[{"embeddable":true,"href":"https:\/\/chalet-buljes.ch\/it\/wp-json\/wp\/v2\/comments?post=268"}],"version-history":[{"count":1,"href":"https:\/\/chalet-buljes.ch\/it\/wp-json\/wp\/v2\/pages\/268\/revisions"}],"predecessor-version":[{"id":22469,"href":"https:\/\/chalet-buljes.ch\/it\/wp-json\/wp\/v2\/pages\/268\/revisions\/22469"}],"wp:attachment":[{"href":"https:\/\/chalet-buljes.ch\/it\/wp-json\/wp\/v2\/media?parent=268"}],"curies":[{"name":"wp","href":"https:\/\/api.w.org\/{rel}","templated":true}]}}