{"id":265,"date":"2024-11-18T18:26:46","date_gmt":"2024-11-18T17:26:46","guid":{"rendered":"https:\/\/chalet-buljes.ch\/mentions-legales\/"},"modified":"2024-11-20T13:36:04","modified_gmt":"2024-11-20T12:36:04","slug":"mentions-legales","status":"publish","type":"page","link":"https:\/\/chalet-buljes.ch\/fr\/mentions-legales\/","title":{"rendered":"Mentions l\u00e9gales"},"content":{"rendered":"<p>[et_pb_section fb_built=\u00a0\u00bb1&Prime; _builder_version=\u00a0\u00bb4.27.3&Prime; _module_preset=\u00a0\u00bbdefault\u00a0\u00bb global_colors_info=\u00a0\u00bb{}\u00a0\u00bb][et_pb_row _builder_version=\u00a0\u00bb4.27.3&Prime; _module_preset=\u00a0\u00bbdefault\u00a0\u00bb global_colors_info=\u00a0\u00bb{}\u00a0\u00bb][et_pb_column type=\u00a0\u00bb4_4&Prime; _builder_version=\u00a0\u00bb4.27.3&Prime; _module_preset=\u00a0\u00bbdefault\u00a0\u00bb global_colors_info=\u00a0\u00bb{}\u00a0\u00bb][et_pb_heading title=\u00a0\u00bb@ET-DC@eyJkeW5hbWljIjp0cnVlLCJjb250ZW50IjoicG9zdF90aXRsZSIsInNldHRpbmdzIjp7ImJlZm9yZSI6IiIsImFmdGVyIjoiIn19@\u00a0\u00bb _builder_version=\u00a0\u00bb4.27.3&Prime; _module_preset=\u00a0\u00bbdefault\u00a0\u00bb title_font=\u00a0\u00bbMontserrat|700||on|||||\u00a0\u00bb title_text_align=\u00a0\u00bbcenter\u00a0\u00bb title_text_color=\u00a0\u00bb#0080C8&Prime; custom_margin=\u00a0\u00bb50px||||false|false\u00a0\u00bb hover_enabled=\u00a0\u00bb0&Prime; locked=\u00a0\u00bboff\u00a0\u00bb global_colors_info=\u00a0\u00bb{}\u00a0\u00bb sticky_enabled=\u00a0\u00bb0&Prime; _dynamic_attributes=\u00a0\u00bbtitle\u00a0\u00bb][\/et_pb_heading][et_pb_text _builder_version=\u00a0\u00bb4.27.3&Prime; _module_preset=\u00a0\u00bbdefault\u00a0\u00bb text_font=\u00a0\u00bbMontserrat|300|||||||\u00a0\u00bb text_font_size=\u00a0\u00bb18px\u00a0\u00bb text_line_height=\u00a0\u00bb1.8em\u00a0\u00bb text_orientation=\u00a0\u00bbcenter\u00a0\u00bb hover_enabled=\u00a0\u00bb0&Prime; global_colors_info=\u00a0\u00bb{}\u00a0\u00bb locked=\u00a0\u00bboff\u00a0\u00bb sticky_enabled=\u00a0\u00bb0&Prime;]<\/p>\n<div class=\"content-generator-output\"><b>Instance responsable :<\/b><br \/>Rochada GmbH<br \/>Thermenstrasse 68<br \/>3954 Lo\u00e8che-les-Bains<br \/>Schweiz<br \/><strong>Courrier \u00e9lectronique<\/strong>: info@chalet-buljes.ch<\/p>\n<p><strong>Personnes autoris\u00e9es \u00e0 repr\u00e9senter l&rsquo;association<\/strong><br \/>David Roten<\/p>\n<p><strong>Nom de l&rsquo;entreprise<\/strong> : Rochada GmbH<br \/><strong>Num\u00e9ro d&rsquo;enregistrement<\/strong> : CHE-109.605.954<br \/><strong>Num\u00e9ro d&rsquo;identification de la taxe sur le chiffre d&rsquo;affaires<\/strong> : CHE-109.605.954 MWST<\/p>\n<p><strong>Clause de non-responsabilit\u00e9<\/strong><br \/>L&rsquo;auteur ne garantit pas la v\u00e9racit\u00e9, l&rsquo;exactitude, l&rsquo;actualit\u00e9, la fiabilit\u00e9 et l&rsquo;exhaustivit\u00e9 des informations.<br \/>L&rsquo;auteur ne saurait \u00eatre tenu responsable des dommages mat\u00e9riels ou immat\u00e9riels qui pourraient \u00eatre caus\u00e9s par l&rsquo;acc\u00e8s aux informations diffus\u00e9es ou par leur utilisation ou non-utilisation, par le mauvais usage de la connexion ou par des probl\u00e8mes techniques.<\/p>\n<p>Toutes les offres sont sans engagement. L&rsquo;auteur se r\u00e9serve express\u00e9ment le droit de modifier, de compl\u00e9ter ou de supprimer des parties de pages ou l&rsquo;ensemble de l&rsquo;offre sans avis pr\u00e9alable, ou d&rsquo;en suspendre temporairement ou d\u00e9finitivement la publication.<\/p>\n<p><strong>Clause de non-responsabilit\u00e9 pour les contenus et les liens<\/strong><br \/>Les r\u00e9f\u00e9rences et les liens vers des sites Web de tiers ne rel\u00e8vent pas de notre responsabilit\u00e9. Nous d\u00e9clinons toute responsabilit\u00e9 pour de tels sites. L&rsquo;acc\u00e8s \u00e0 ces sites et leur utilisation se font aux risques et p\u00e9rils de l&rsquo;utilisateur.<\/p>\n<p><strong>D\u00e9claration de droits d&rsquo;auteur<\/strong><br \/>Les droits d&rsquo;auteur et tous les autres droits li\u00e9s aux contenus, images, photos ou autres fichiers pr\u00e9sents sur ce site Internet sont la propri\u00e9t\u00e9 exclusive de Rochada GmbH ou des titulaires de droits sp\u00e9cifiquement mentionn\u00e9s. La reproduction de tout \u00e9l\u00e9ment doit faire l&rsquo;objet d&rsquo;une autorisation \u00e9crite pr\u00e9alable du titulaire des droits d&rsquo;auteur.<\/p>\n<p><strong>Soruce <\/strong>: <a style=\"color:inherit;text-decoration:none;\" href=\"https:\/\/brainbox.swiss\/\" target=\"_blank\" rel=\"noopener\">BrainBox Solutions<\/a><\/div>\n<p>[\/et_pb_text][\/et_pb_column][\/et_pb_row][\/et_pb_section]<\/p>\n","protected":false},"excerpt":{"rendered":"<p>Instance responsable :Rochada GmbHThermenstrasse 683954 Lo\u00e8che-les-BainsSchweizCourrier \u00e9lectronique: info@chalet-buljes.chPersonnes autoris\u00e9es \u00e0 repr\u00e9senter l&rsquo;associationDavid RotenNom de l&rsquo;entreprise : Rochada GmbHNum\u00e9ro d&rsquo;enregistrement : CHE-109.605.954Num\u00e9ro d&rsquo;identification de la taxe sur le chiffre d&rsquo;affaires : CHE-109.605.954 MWSTClause de non-responsabilit\u00e9L&rsquo;auteur ne garantit pas la v\u00e9racit\u00e9, l&rsquo;exactitude, l&rsquo;actualit\u00e9, la fiabilit\u00e9 et l&rsquo;exhaustivit\u00e9 des informations.L&rsquo;auteur ne saurait \u00eatre tenu responsable des dommages mat\u00e9riels ou immat\u00e9riels qui pourraient \u00eatre caus\u00e9s par l&rsquo;acc\u00e8s aux informations diffus\u00e9es ou par leur utilisation ou non-utilisation, par le mauvais usage de la connexion ou par des probl\u00e8mes techniques.Toutes les offres sont sans engagement. L&rsquo;auteur se r\u00e9serve express\u00e9ment le droit de modifier, de compl\u00e9ter ou de supprimer des parties de pages ou l&rsquo;ensemble de l&rsquo;offre sans avis pr\u00e9alable, ou d&rsquo;en suspendre temporairement ou d\u00e9finitivement la publication.Clause de non-responsabilit\u00e9 pour les contenus et les liensLes r\u00e9f\u00e9rences et les liens vers des sites Web de tiers ne rel\u00e8vent pas de notre responsabilit\u00e9. Nous d\u00e9clinons toute responsabilit\u00e9 pour de tels sites. L&rsquo;acc\u00e8s \u00e0 ces sites et leur utilisation se font aux risques et p\u00e9rils de l&rsquo;utilisateur.D\u00e9claration de droits d&rsquo;auteurLes droits d&rsquo;auteur et tous les autres droits li\u00e9s aux contenus, images, photos ou autres fichiers pr\u00e9sents sur ce site Internet sont la propri\u00e9t\u00e9 exclusive de Rochada GmbH ou des [&hellip;]<\/p>\n","protected":false},"author":1,"featured_media":0,"parent":0,"menu_order":101,"comment_status":"closed","ping_status":"closed","template":"","meta":{"_et_pb_use_builder":"on","_et_pb_old_content":"","_et_gb_content_width":"","footnotes":""},"class_list":["post-265","page","type-page","status-publish","hentry"],"_links":{"self":[{"href":"https:\/\/chalet-buljes.ch\/fr\/wp-json\/wp\/v2\/pages\/265","targetHints":{"allow":["GET"]}}],"collection":[{"href":"https:\/\/chalet-buljes.ch\/fr\/wp-json\/wp\/v2\/pages"}],"about":[{"href":"https:\/\/chalet-buljes.ch\/fr\/wp-json\/wp\/v2\/types\/page"}],"author":[{"embeddable":true,"href":"https:\/\/chalet-buljes.ch\/fr\/wp-json\/wp\/v2\/users\/1"}],"replies":[{"embeddable":true,"href":"https:\/\/chalet-buljes.ch\/fr\/wp-json\/wp\/v2\/comments?post=265"}],"version-history":[{"count":1,"href":"https:\/\/chalet-buljes.ch\/fr\/wp-json\/wp\/v2\/pages\/265\/revisions"}],"predecessor-version":[{"id":22471,"href":"https:\/\/chalet-buljes.ch\/fr\/wp-json\/wp\/v2\/pages\/265\/revisions\/22471"}],"wp:attachment":[{"href":"https:\/\/chalet-buljes.ch\/fr\/wp-json\/wp\/v2\/media?parent=265"}],"curies":[{"name":"wp","href":"https:\/\/api.w.org\/{rel}","templated":true}]}}